{"id":45,"date":"2019-03-12T16:44:31","date_gmt":"2019-03-12T16:44:31","guid":{"rendered":"https:\/\/jazz.macbay.net\/roxweb\/?page_id=45"},"modified":"2025-06-10T17:35:55","modified_gmt":"2025-06-10T15:35:55","slug":"lehre-und-unterricht","status":"publish","type":"page","link":"https:\/\/roxmusic.de\/roxweb\/lehre-und-unterricht\/","title":{"rendered":"learning"},"content":{"rendered":"\n<p>released from teaching i am now a freelance musician. from time to time i will offer time to take lessons with me in single sessions. feel free to call or write me: roxme (at) me.com<\/p>\n\n\n\n<p>aus der lehrt\u00e4tigkeit befreit bin ich nun freischaffender musiker. workshop und unterricht nach absprache. melden sie sich: roxme {at) me.com oder 0049 172 5226242<\/p>\n\n\n\n<p><\/p>\n\n\n\n<p class=\"has-medium-font-size\"><\/p>\n\n\n\n<p><\/p>\n\n\n\n<pre class=\"wp-block-preformatted\"><strong>edu jobs <\/strong><br><br> - 2003-2020 Hochschule f\u00fcr K\u00fcnste Bremen <br>              Improvisation, <br>             Theorie , <br>             Geh\u00f6rbildung<br> - ab 1996-2000, und ab 2013 <br>             Hochschule f\u00fcr Musik Detmold <br>             Jazzpiano <br><br> - ab 1990 Oberstufenkolleg an der Universit\u00e4t <br>           Bielefeld <br>           Fachkonferenz Musik  <br>           Mitglied im <br>           Forschungsprojekt<br>           Kompetenzorientierung,<br>           Interpretation (objektive Hermeneutik,),<br>           kollegiale Hospitation, <br>- ab 1980 - 1996 JMS Herford und L\u00f6hne<br><br><strong>Unterricht in Jazzpiano und Vorbereitung auf Pr\u00fcfungen<\/strong><br>nach Vereinbarung: 0172 522 6242<\/pre>\n","protected":false},"excerpt":{"rendered":"<p>released from teaching i am now a freelance musician. from time to time i will offer time to take lessons with me in single sessions. feel free to call or write me: roxme (at) me.com aus der lehrt\u00e4tigkeit befreit bin &hellip; <a href=\"https:\/\/roxmusic.de\/roxweb\/lehre-und-unterricht\/\">Weiterlesen <span class=\"meta-nav\">&rarr;<\/span><\/a><\/p>\n","protected":false},"author":1,"featured_media":0,"parent":0,"menu_order":0,"comment_status":"closed","ping_status":"closed","template":"","meta":{"footnotes":""},"class_list":["post-45","page","type-page","status-publish","hentry"],"_links":{"self":[{"href":"https:\/\/roxmusic.de\/roxweb\/wp-json\/wp\/v2\/pages\/45","targetHints":{"allow":["GET"]}}],"collection":[{"href":"https:\/\/roxmusic.de\/roxweb\/wp-json\/wp\/v2\/pages"}],"about":[{"href":"https:\/\/roxmusic.de\/roxweb\/wp-json\/wp\/v2\/types\/page"}],"author":[{"embeddable":true,"href":"https:\/\/roxmusic.de\/roxweb\/wp-json\/wp\/v2\/users\/1"}],"replies":[{"embeddable":true,"href":"https:\/\/roxmusic.de\/roxweb\/wp-json\/wp\/v2\/comments?post=45"}],"version-history":[{"count":21,"href":"https:\/\/roxmusic.de\/roxweb\/wp-json\/wp\/v2\/pages\/45\/revisions"}],"predecessor-version":[{"id":316,"href":"https:\/\/roxmusic.de\/roxweb\/wp-json\/wp\/v2\/pages\/45\/revisions\/316"}],"wp:attachment":[{"href":"https:\/\/roxmusic.de\/roxweb\/wp-json\/wp\/v2\/media?parent=45"}],"curies":[{"name":"wp","href":"https:\/\/api.w.org\/{rel}","templated":true}]}}